{"id":3588,"date":"2026-05-12T01:34:32","date_gmt":"2026-05-11T23:34:32","guid":{"rendered":"https:\/\/budduck.clientedigital.com.ar\/index.php\/producto\/descalcificador-p-cafeteras-x-500-cc-new-zen\/"},"modified":"2026-05-12T16:03:09","modified_gmt":"2026-05-12T14:03:09","slug":"descalcificador-p-cafeteras-x-500-cc-new-zen","status":"publish","type":"product","link":"https:\/\/budduck.clientedigital.com.ar\/index.php\/producto\/descalcificador-p-cafeteras-x-500-cc-new-zen\/","title":{"rendered":"DESCALCIFICADOR P\/ CAFETERAS X 500 CC NEW ZEN"},"content":{"rendered":"<p><strong>Modo de Uso:<\/strong><\/p>\n<p>CAFETERAS EXPRESS SIN DESCALCIFICACI\u00d3N AUTOM\u00c1TICA:<\/p>\n<p>1- Verter 100 ml de producto (aproximadamente \u00bd taza) en el dep\u00f3sito de agua del aparato. Luego llenar el dep\u00f3sito con agua corriente.<br \/>\n2- Encender el equipo y dejar salir el equivalente a 2 tazas de agua (300 ml) a trav\u00e9s del tubo de vapor.<br \/>\n3- Apagar el aparato.<br \/>\n4- Dejar en reposo 15-20 minutos.<br \/>\n5- Repetir los pasos 2 y 3 cada 3 minutos hasta que no quede soluci\u00f3n descalcificante en el dep\u00f3sito de agua.<br \/>\n6- Enjuagar el dep\u00f3sito con agua limpia y volver a llenarlo.<br \/>\n7- Enjuagar los circuitos de agua dejando salir unos 2 litros de agua a trav\u00e9s del tubo de vapor. Dejar salir 2 litros de agua a trav\u00e9s de la boquilla de salida cuando sea posible. De no ser posible, realizar 3 tazas de caf\u00e9 y desecharlas. Extraer el sistema de preparaci\u00f3n y lavarlo con agua limpia.<\/p>\n<p>PAVAS EL\u00c9CTRICAS Y TERMOS:<\/p>\n<p>1- Verter 100 ml de producto (aproximadamente \u00bd taza) en el dep\u00f3sito de agua del aparato. Luego llenar el dep\u00f3sito con agua corriente.<br \/>\n2- Dejar en reposo durante 15-20 minutos.<br \/>\n3- Vaciar y enjuagar el dep\u00f3sito con agua limpia y volver a llenarlo.<br \/>\n4- Hervir agua y desechar hasta que quede completamente limpia.<\/p>\n<p>CAFETERAS A C\u00c1PSULA:<\/p>\n<p>1- Verter 100 ml de producto (aproximadamente \u00bd taza) en el dep\u00f3sito de agua del aparato. Luego llenar el dep\u00f3sito con agua corriente.<br \/>\n2- Encender el equipo y dejar salir el equivalente a 2 tazas de agua (200 ml).<br \/>\n3- Apagar el aparato.<br \/>\n4- Dejar en reposo durante 15-20 minutos.<br \/>\n5- Repetir los pasos 2 y 3 cada 3 minutos hasta que no quede soluci\u00f3n descalcificante en el dep\u00f3sito de agua.<br \/>\n6- Enjuagar el dep\u00f3sito con agua limpia y volver a llenarlo.<br \/>\n7- Enjuagar los circuitos de agua dejando salir 1 litro de agua a trav\u00e9s de la salida.<\/p>\n","protected":false},"excerpt":{"rendered":"<p>Descalcificador desincrustante de sarro. Ideal para toda cafetera express (con filtros o c\u00e1psulas), pavas y termos.<br \/>\nPRESENTACI\u00d3N: 500 cc<\/p>\n","protected":false},"featured_media":4629,"template":"","meta":[],"product_brand":[35],"product_cat":[15],"product_tag":[],"class_list":{"0":"post-3588","1":"product","2":"type-product","3":"status-publish","4":"has-post-thumbnail","6":"product_brand-newzen","7":"product_cat-limpieza","9":"first","10":"instock","11":"taxable","12":"shipping-taxable","13":"purchasable","14":"product-type-simple"},"_links":{"self":[{"href":"https:\/\/budduck.clientedigital.com.ar\/index.php\/wp-json\/wp\/v2\/product\/3588","targetHints":{"allow":["GET"]}}],"collection":[{"href":"https:\/\/budduck.clientedigital.com.ar\/index.php\/wp-json\/wp\/v2\/product"}],"about":[{"href":"https:\/\/budduck.clientedigital.com.ar\/index.php\/wp-json\/wp\/v2\/types\/product"}],"wp:featuredmedia":[{"embeddable":true,"href":"https:\/\/budduck.clientedigital.com.ar\/index.php\/wp-json\/wp\/v2\/media\/4629"}],"wp:attachment":[{"href":"https:\/\/budduck.clientedigital.com.ar\/index.php\/wp-json\/wp\/v2\/media?parent=3588"}],"wp:term":[{"taxonomy":"product_brand","embeddable":true,"href":"https:\/\/budduck.clientedigital.com.ar\/index.php\/wp-json\/wp\/v2\/product_brand?post=3588"},{"taxonomy":"product_cat","embeddable":true,"href":"https:\/\/budduck.clientedigital.com.ar\/index.php\/wp-json\/wp\/v2\/product_cat?post=3588"},{"taxonomy":"product_tag","embeddable":true,"href":"https:\/\/budduck.clientedigital.com.ar\/index.php\/wp-json\/wp\/v2\/product_tag?post=3588"}],"curies":[{"name":"wp","href":"https:\/\/api.w.org\/{rel}","templated":true}]}}