{"id":4204,"date":"2026-05-12T01:35:03","date_gmt":"2026-05-11T23:35:03","guid":{"rendered":"https:\/\/budduck.clientedigital.com.ar\/index.php\/producto\/8m-classic-cera-natural-x-5l-diversey\/"},"modified":"2026-05-12T16:15:29","modified_gmt":"2026-05-12T14:15:29","slug":"8m-classic-cera-natural-x-5l-diversey","status":"publish","type":"product","link":"https:\/\/budduck.clientedigital.com.ar\/index.php\/producto\/8m-classic-cera-natural-x-5l-diversey\/","title":{"rendered":"8M CLASSIC CERA NATURAL X 5L DIVERSEY"},"content":{"rendered":"<p>8M Classic de Diversey es una emulsi\u00f3n lustrable formulada con exclusivos pol\u00edmeros acr\u00edlicos, ceras minerales y sint\u00e9ticas de alta calidad. De f\u00e1cil aplicaci\u00f3n, proporciona brillo sin necesidad de lustrar. Seca r\u00e1pidamente formando una pel\u00edcula dura y autobrillante, resaltando el color natural de pisos duros y flexibles. Crea un film protector resistente al agua y a los detergentes neutros, rechazando la suciedad y las marcas negras de suelas de zapatos o ruedas de goma. La concentraci\u00f3n de pol\u00edmeros acr\u00edlicos otorga resistencia al tr\u00e1fico, minimizando marcas y rayones. La proporci\u00f3n de ceras permite reparar f\u00e1cilmente las pel\u00edculas transitadas y aumentar el brillo con una lustradora de baja velocidad (165 \u2013 300 rpm).<\/p>\n<p>Ventajas:<\/p>\n<p>&#8211; F\u00f3rmula rica en pol\u00edmeros acr\u00edlicos para una performance superior.<br \/>\n&#8211; Mayor resistencia al tr\u00e1fico, con pel\u00edcula flexible resistente a rayas y marcas, restaurable por lustrado de bajas revoluciones sin dejar aureolas.<br \/>\n&#8211; F\u00e1cil aplicaci\u00f3n y mantenimiento, con una mezcla de ceras de puntos de fusi\u00f3n intermedios que permiten una excelente respuesta al lustrado de bajas revoluciones, reparando marcas e incrementando el brillo.<br \/>\n&#8211; La combinaci\u00f3n de ceras y pol\u00edmeros produce un secado homog\u00e9neo, formando una pel\u00edcula dura y brillante que mantiene una pel\u00edcula flexible y duradera.<br \/>\n&#8211; Rendimiento de 60 a 70 m2 \/L seg\u00fan la porosidad del piso.<br \/>\n&#8211; Alto contenido de s\u00f3lidos para zonas de tr\u00e1fico intenso, con 30% m\u00e1s s\u00f3lidos que otras ceras l\u00edquidas autobrillantes.<br \/>\n&#8211; F\u00f3rmula de secado r\u00e1pido que permite transitar sobre una pel\u00edcula resistente y brillante en pocos minutos.<\/p>\n<p>Modo de Empleo:<\/p>\n<p>Remoci\u00f3n:<br \/>\n1. Eliminar capas viejas de ceras o grasitud con removedor adecuado.<br \/>\n2. Enjuagar con abundante agua, repasar con mopa h\u00fameda y dejar secar.<\/p>\n<p>Aplicaci\u00f3n del acabado:<br \/>\n1. Aplicar 1 o 2 capas de 8M Classic puro con mopa de rayon, haciendo movimientos en forma de ocho.<br \/>\n2. Para pisos muy gastados o para mejorar la apariencia final, aplicar previamente un sellador adecuado.<br \/>\n3. Dejar secar entre 20 y 30 minutos entre capa y capa.<br \/>\n4. Se obtiene brillo instant\u00e1neo. Para un brillo m\u00e1s intenso, lustrar con una lustradora de baja revoluci\u00f3n (165-300 rpm).<\/p>\n","protected":false},"excerpt":{"rendered":"<p>Cera Autobrillo 8m Classic X5 Litros<\/p>\n<p>Cera emulsionada con pol\u00edmeros acr\u00edlicos<\/p>\n","protected":false},"featured_media":4634,"template":"","meta":[],"product_brand":[36],"product_cat":[15],"product_tag":[],"class_list":{"0":"post-4204","1":"product","2":"type-product","3":"status-publish","4":"has-post-thumbnail","6":"product_brand-diversey","7":"product_cat-limpieza","9":"first","10":"instock","11":"taxable","12":"shipping-taxable","13":"purchasable","14":"product-type-simple"},"_links":{"self":[{"href":"https:\/\/budduck.clientedigital.com.ar\/index.php\/wp-json\/wp\/v2\/product\/4204","targetHints":{"allow":["GET"]}}],"collection":[{"href":"https:\/\/budduck.clientedigital.com.ar\/index.php\/wp-json\/wp\/v2\/product"}],"about":[{"href":"https:\/\/budduck.clientedigital.com.ar\/index.php\/wp-json\/wp\/v2\/types\/product"}],"wp:featuredmedia":[{"embeddable":true,"href":"https:\/\/budduck.clientedigital.com.ar\/index.php\/wp-json\/wp\/v2\/media\/4634"}],"wp:attachment":[{"href":"https:\/\/budduck.clientedigital.com.ar\/index.php\/wp-json\/wp\/v2\/media?parent=4204"}],"wp:term":[{"taxonomy":"product_brand","embeddable":true,"href":"https:\/\/budduck.clientedigital.com.ar\/index.php\/wp-json\/wp\/v2\/product_brand?post=4204"},{"taxonomy":"product_cat","embeddable":true,"href":"https:\/\/budduck.clientedigital.com.ar\/index.php\/wp-json\/wp\/v2\/product_cat?post=4204"},{"taxonomy":"product_tag","embeddable":true,"href":"https:\/\/budduck.clientedigital.com.ar\/index.php\/wp-json\/wp\/v2\/product_tag?post=4204"}],"curies":[{"name":"wp","href":"https:\/\/api.w.org\/{rel}","templated":true}]}}